{"id":478,"date":"2023-10-18T18:01:16","date_gmt":"2023-10-18T18:01:16","guid":{"rendered":"https:\/\/ohs.com.bo\/tool\/?page_id=478"},"modified":"2023-12-05T14:49:43","modified_gmt":"2023-12-05T14:49:43","slug":"legislacion-principal-sst","status":"publish","type":"page","link":"https:\/\/ohs.com.bo\/tool\/legislacion-principal-sst\/","title":{"rendered":"Legislaci\u00f3n Principal SST"},"content":{"rendered":"\n<div class=\"wp-block-columns has-text-color has-background is-layout-flex wp-container-core-columns-is-layout-28f84493 wp-block-columns-is-layout-flex\" style=\"color:#230050;background-color:#ebf5fd\">\n<div class=\"wp-block-column has-ast-global-color-5-background-color has-background is-layout-flow wp-block-column-is-layout-flow\" style=\"padding-top:var(--wp--preset--spacing--40);padding-right:var(--wp--preset--spacing--50);padding-bottom:var(--wp--preset--spacing--40);padding-left:var(--wp--preset--spacing--50);flex-basis:100%\">\n<p class=\"has-text-color has-large-font-size\" style=\"color:#fa3c4b;margin-top:var(--wp--preset--spacing--40);margin-bottom:var(--wp--preset--spacing--20)\"><strong>Legislaci\u00f3n Principal SST<\/strong><\/p>\n\n\n<form data-min-no-for-search=1 data-result-box-max-height=400 data-form-id=447 class=\"is-search-form is-form-style is-form-style-3 is-form-id-447 is-ajax-search\" action=\"https:\/\/ohs.com.bo\/tool\/\" method=\"get\" role=\"search\" ><label for=\"is-search-input-447\"><span class=\"is-screen-reader-text\">Buscar:<\/span><input  type=\"search\" id=\"is-search-input-447\" name=\"s\" value=\"\" class=\"is-search-input\" placeholder=\"Busca aqu\u00ed...\" autocomplete=off \/><span class=\"is-loader-image\" style=\"display: none;background-image:url(https:\/\/ohs.com.bo\/tool\/wp-content\/plugins\/add-search-to-menu\/public\/images\/spinner.gif);\" ><\/span><\/label><button type=\"submit\" class=\"is-search-submit\"><span class=\"is-screen-reader-text\">Bot\u00f3n de b\u00fasqueda<\/span><span class=\"is-search-icon\"><svg focusable=\"false\" aria-label=\"Buscar\" xmlns=\"http:\/\/www.w3.org\/2000\/svg\" viewBox=\"0 0 24 24\" width=\"24px\"><path d=\"M15.5 14h-.79l-.28-.27C15.41 12.59 16 11.11 16 9.5 16 5.91 13.09 3 9.5 3S3 5.91 3 9.5 5.91 16 9.5 16c1.61 0 3.09-.59 4.23-1.57l.27.28v.79l5 4.99L20.49 19l-4.99-5zm-6 0C7.01 14 5 11.99 5 9.5S7.01 5 9.5 5 14 7.01 14 9.5 11.99 14 9.5 14z\"><\/path><\/svg><\/span><\/button><input type=\"hidden\" name=\"id\" value=\"447\" \/><input type=\"hidden\" name=\"post_type\" value=\"attachment\" \/><\/form>\n\n\n\n<p>Accede y revisa la normativa relacionada a Salud y Seguridad en el Trabajo vigente en Bolivia, revisa por categor\u00edas o accede a cualquiera de los documentos a trav\u00e9s de un pr\u00e1ctico buscador.<\/p>\n\n\n\n<p>Los archivos aqu\u00ed incluidos han sido obtenidos de p\u00e1ginas oficiales y seguras. Si tiene dudas o necesita ampliar su b\u00fasqueda visite las p\u00e1ginas de la Gaceta GACETA OFICIAL DE BOLIVIA (<a href=\"http:\/\/www.gacetaoficialdebolivia.gob.bo\">www.gacetaoficialdebolivia.gob.bo<\/a>), MINISTERIO DE TRABAJO, EMPLEO Y PREVISI\u00d3N SOCIAL (<a href=\"http:\/\/www.mintrabajo.gob.bo\">www.mintrabajo.gob.bo<\/a>), MINISTERIO DE SALUD Y DEPORTES (<a href=\"http:\/\/www.minsalud.gob.bo\">www.minsalud.gob.bo<\/a>) u otras de las instituciones del estado.<\/p>\n\n\n<div id=\"filebird-document-library\">\n\t<div class=\"njt-fbdl\" data-json=\"{&quot;request&quot;:{&quot;pagination&quot;:{&quot;current&quot;:1,&quot;limit&quot;:12},&quot;search&quot;:&quot;&quot;,&quot;orderBy&quot;:&quot;post_title&quot;,&quot;orderType&quot;:&quot;DESC&quot;,&quot;selectedFolder&quot;:[&quot;N0YIj3OXlDO6XM4hFNkX2g==&quot;]},&quot;column&quot;:3,&quot;layout&quot;:&quot;grid&quot;,&quot;title&quot;:&quot;&quot;}\"><\/div>\n<\/div>\n\t\t<\/div>\n<\/div>\n","protected":false},"excerpt":{"rendered":"<p>Legislaci\u00f3n Principal SST Accede y revisa la normativa relacionada a Salud y Seguridad en el Trabajo vigente en Bolivia, revisa por categor\u00edas o accede a cualquiera de los documentos a trav\u00e9s de un pr\u00e1ctico buscador. Los archivos aqu\u00ed incluidos han sido obtenidos de p\u00e1ginas oficiales y seguras. Si tiene dudas o necesita ampliar su b\u00fasqueda [&hellip;]<\/p>\n","protected":false},"author":1,"featured_media":0,"parent":0,"menu_order":0,"comment_status":"closed","ping_status":"closed","template":"","meta":{"site-sidebar-layout":"no-sidebar","site-content-layout":"","ast-site-content-layout":"full-width-container","site-content-style":"default","site-sidebar-style":"default","ast-global-header-display":"","ast-banner-title-visibility":"","ast-main-header-display":"","ast-hfb-above-header-display":"","ast-hfb-below-header-display":"","ast-hfb-mobile-header-display":"","site-post-title":"disabled","ast-breadcrumbs-content":"","ast-featured-img":"disabled","footer-sml-layout":"","ast-disable-related-posts":"","theme-transparent-header-meta":"","adv-header-id-meta":"","stick-header-meta":"","header-above-stick-meta":"","header-main-stick-meta":"","header-below-stick-meta":"","astra-migrate-meta-layouts":"default","ast-page-background-enabled":"default","ast-page-background-meta":{"desktop":{"background-color":"var(--ast-global-color-4)","background-image":"","background-repeat":"repeat","background-position":"center center","background-size":"auto","background-attachment":"scroll","background-type":"","background-media":"","overlay-type":"","overlay-color":"","overlay-opacity":"","overlay-gradient":""},"tablet":{"background-color":"","background-image":"","background-repeat":"repeat","background-position":"center center","background-size":"auto","background-attachment":"scroll","background-type":"","background-media":"","overlay-type":"","overlay-color":"","overlay-opacity":"","overlay-gradient":""},"mobile":{"background-color":"","background-image":"","background-repeat":"repeat","background-position":"center center","background-size":"auto","background-attachment":"scroll","background-type":"","background-media":"","overlay-type":"","overlay-color":"","overlay-opacity":"","overlay-gradient":""}},"ast-content-background-meta":{"desktop":{"background-color":"var(--ast-global-color-5)","background-image":"","background-repeat":"repeat","background-position":"center center","background-size":"auto","background-attachment":"scroll","background-type":"","background-media":"","overlay-type":"","overlay-color":"","overlay-opacity":"","overlay-gradient":""},"tablet":{"background-color":"var(--ast-global-color-5)","background-image":"","background-repeat":"repeat","background-position":"center center","background-size":"auto","background-attachment":"scroll","background-type":"","background-media":"","overlay-type":"","overlay-color":"","overlay-opacity":"","overlay-gradient":""},"mobile":{"background-color":"var(--ast-global-color-5)","background-image":"","background-repeat":"repeat","background-position":"center center","background-size":"auto","background-attachment":"scroll","background-type":"","background-media":"","overlay-type":"","overlay-color":"","overlay-opacity":"","overlay-gradient":""}},"footnotes":""},"class_list":["post-478","page","type-page","status-publish","hentry"],"_links":{"self":[{"href":"https:\/\/ohs.com.bo\/tool\/wp-json\/wp\/v2\/pages\/478","targetHints":{"allow":["GET"]}}],"collection":[{"href":"https:\/\/ohs.com.bo\/tool\/wp-json\/wp\/v2\/pages"}],"about":[{"href":"https:\/\/ohs.com.bo\/tool\/wp-json\/wp\/v2\/types\/page"}],"author":[{"embeddable":true,"href":"https:\/\/ohs.com.bo\/tool\/wp-json\/wp\/v2\/users\/1"}],"replies":[{"embeddable":true,"href":"https:\/\/ohs.com.bo\/tool\/wp-json\/wp\/v2\/comments?post=478"}],"version-history":[{"count":11,"href":"https:\/\/ohs.com.bo\/tool\/wp-json\/wp\/v2\/pages\/478\/revisions"}],"predecessor-version":[{"id":855,"href":"https:\/\/ohs.com.bo\/tool\/wp-json\/wp\/v2\/pages\/478\/revisions\/855"}],"wp:attachment":[{"href":"https:\/\/ohs.com.bo\/tool\/wp-json\/wp\/v2\/media?parent=478"}],"curies":[{"name":"wp","href":"https:\/\/api.w.org\/{rel}","templated":true}]}}