{"id":560,"date":"2023-10-24T21:03:03","date_gmt":"2023-10-24T21:03:03","guid":{"rendered":"https:\/\/ohs.com.bo\/tool\/?page_id=560"},"modified":"2023-12-05T15:04:52","modified_gmt":"2023-12-05T15:04:52","slug":"diagnostico-rapido","status":"publish","type":"page","link":"https:\/\/ohs.com.bo\/tool\/diagnostico-rapido\/","title":{"rendered":"Diagn\u00f3stico R\u00e1pido"},"content":{"rendered":"\t\t<div data-elementor-type=\"wp-page\" data-elementor-id=\"560\" class=\"elementor elementor-560\" data-elementor-post-type=\"page\">\n\t\t\t\t<div class=\"elementor-element elementor-element-a90908f e-con-full e-flex elementor-invisible e-con e-parent\" data-id=\"a90908f\" data-element_type=\"container\" data-e-type=\"container\" data-settings=\"{&quot;background_background&quot;:&quot;classic&quot;,&quot;animation&quot;:&quot;fadeInDown&quot;}\">\n\t\t\t\t<div class=\"elementor-element elementor-element-8eeb5e3 elementor-widget elementor-widget-spacer\" data-id=\"8eeb5e3\" data-element_type=\"widget\" data-e-type=\"widget\" data-widget_type=\"spacer.default\">\n\t\t\t\t<div class=\"elementor-widget-container\">\n\t\t\t\t\t\t\t<div class=\"elementor-spacer\">\n\t\t\t<div class=\"elementor-spacer-inner\"><\/div>\n\t\t<\/div>\n\t\t\t\t\t\t<\/div>\n\t\t\t\t<\/div>\n\t\t\t\t<div class=\"elementor-element elementor-element-bd1c987 elementor-align-start elementor-icon-list--layout-traditional elementor-list-item-link-full_width elementor-widget elementor-widget-icon-list\" data-id=\"bd1c987\" data-element_type=\"widget\" data-e-type=\"widget\" data-widget_type=\"icon-list.default\">\n\t\t\t\t<div class=\"elementor-widget-container\">\n\t\t\t\t\t\t\t<ul class=\"elementor-icon-list-items\">\n\t\t\t\t\t\t\t<li class=\"elementor-icon-list-item\">\n\t\t\t\t\t\t\t\t\t\t\t<span class=\"elementor-icon-list-icon\">\n\t\t\t\t\t\t\t<i aria-hidden=\"true\" class=\"fas fa-play\"><\/i>\t\t\t\t\t\t<\/span>\n\t\t\t\t\t\t\t\t\t\t<span class=\"elementor-icon-list-text\">Trabajo seguro, futuro pr\u00f3spero<\/span>\n\t\t\t\t\t\t\t\t\t<\/li>\n\t\t\t\t\t\t<\/ul>\n\t\t\t\t\t\t<\/div>\n\t\t\t\t<\/div>\n\t\t\t\t<div class=\"elementor-element elementor-element-d03529d elementor-widget elementor-widget-spacer\" data-id=\"d03529d\" data-element_type=\"widget\" data-e-type=\"widget\" data-widget_type=\"spacer.default\">\n\t\t\t\t<div class=\"elementor-widget-container\">\n\t\t\t\t\t\t\t<div class=\"elementor-spacer\">\n\t\t\t<div class=\"elementor-spacer-inner\"><\/div>\n\t\t<\/div>\n\t\t\t\t\t\t<\/div>\n\t\t\t\t<\/div>\n\t\t\t\t<\/div>\n\t\t<div class=\"elementor-element elementor-element-3b0316e e-flex e-con-boxed e-con e-parent\" data-id=\"3b0316e\" data-element_type=\"container\" data-e-type=\"container\">\n\t\t\t\t\t<div class=\"e-con-inner\">\n\t\t\t\t<div class=\"elementor-element elementor-element-4402d17 elementor-widget elementor-widget-spacer\" data-id=\"4402d17\" data-element_type=\"widget\" data-e-type=\"widget\" data-widget_type=\"spacer.default\">\n\t\t\t\t<div class=\"elementor-widget-container\">\n\t\t\t\t\t\t\t<div class=\"elementor-spacer\">\n\t\t\t<div class=\"elementor-spacer-inner\"><\/div>\n\t\t<\/div>\n\t\t\t\t\t\t<\/div>\n\t\t\t\t<\/div>\n\t\t\t\t<div class=\"elementor-element elementor-element-0ac03ee elementor-widget__width-initial elementor-widget-divider--view-line elementor-widget elementor-widget-divider\" data-id=\"0ac03ee\" data-element_type=\"widget\" data-e-type=\"widget\" data-widget_type=\"divider.default\">\n\t\t\t\t<div class=\"elementor-widget-container\">\n\t\t\t\t\t\t\t<div class=\"elementor-divider\">\n\t\t\t<span class=\"elementor-divider-separator\">\n\t\t\t\t\t\t<\/span>\n\t\t<\/div>\n\t\t\t\t\t\t<\/div>\n\t\t\t\t<\/div>\n\t\t\t\t\t<\/div>\n\t\t\t\t<\/div>\n\t\t<div class=\"elementor-element elementor-element-6c0dc14 e-flex e-con-boxed e-con e-parent\" data-id=\"6c0dc14\" data-element_type=\"container\" data-e-type=\"container\">\n\t\t\t\t\t<div class=\"e-con-inner\">\n\t\t<div class=\"elementor-element elementor-element-49afd7c e-con-full e-flex e-con e-child\" data-id=\"49afd7c\" data-element_type=\"container\" data-e-type=\"container\">\n\t\t\t\t<div class=\"elementor-element elementor-element-fea6f5b elementor-widget elementor-widget-heading\" data-id=\"fea6f5b\" data-element_type=\"widget\" data-e-type=\"widget\" data-widget_type=\"heading.default\">\n\t\t\t\t<div class=\"elementor-widget-container\">\n\t\t\t\t\t<h2 class=\"elementor-heading-title elementor-size-default\">Objetivo Principal<\/h2>\t\t\t\t<\/div>\n\t\t\t\t<\/div>\n\t\t\t\t<\/div>\n\t\t<div class=\"elementor-element elementor-element-fed4789 e-con-full e-flex e-con e-child\" data-id=\"fed4789\" data-element_type=\"container\" data-e-type=\"container\">\n\t\t\t\t<div class=\"elementor-element elementor-element-26fcfa4 elementor-widget elementor-widget-text-editor\" data-id=\"26fcfa4\" data-element_type=\"widget\" data-e-type=\"widget\" data-widget_type=\"text-editor.default\">\n\t\t\t\t<div class=\"elementor-widget-container\">\n\t\t\t\t\t\t\t\t\t<p>Nuestro objetivo es permitir que todas las empresas accedan a un diagn\u00f3stico r\u00e1pido y efectivo. Esta herramienta proporciona estimaciones de cumplimiento, posibles sanciones y un plan de acci\u00f3n basado en regulaciones espec\u00edficas. Adem\u00e1s, ofrecemos asesoramiento especializado para garantizar un apoyo continuo en todas las necesidades relacionadas con salud y seguridad en el trabajo.<\/p>\t\t\t\t\t\t\t\t<\/div>\n\t\t\t\t<\/div>\n\t\t\t\t<\/div>\n\t\t\t\t\t<\/div>\n\t\t\t\t<\/div>\n\t\t<div class=\"elementor-element elementor-element-4624ae1 e-flex e-con-boxed e-con e-parent\" data-id=\"4624ae1\" data-element_type=\"container\" data-e-type=\"container\">\n\t\t\t\t\t<div class=\"e-con-inner\">\n\t\t\t\t<div class=\"elementor-element elementor-element-561554f elementor-widget__width-initial elementor-widget-divider--view-line elementor-widget elementor-widget-divider\" data-id=\"561554f\" data-element_type=\"widget\" data-e-type=\"widget\" data-widget_type=\"divider.default\">\n\t\t\t\t<div class=\"elementor-widget-container\">\n\t\t\t\t\t\t\t<div class=\"elementor-divider\">\n\t\t\t<span class=\"elementor-divider-separator\">\n\t\t\t\t\t\t<\/span>\n\t\t<\/div>\n\t\t\t\t\t\t<\/div>\n\t\t\t\t<\/div>\n\t\t\t\t\t<\/div>\n\t\t\t\t<\/div>\n\t\t<div class=\"elementor-element elementor-element-6d3ab32 e-flex e-con-boxed elementor-invisible e-con e-parent\" data-id=\"6d3ab32\" data-element_type=\"container\" data-e-type=\"container\" data-settings=\"{&quot;animation&quot;:&quot;fadeIn&quot;}\">\n\t\t\t\t\t<div class=\"e-con-inner\">\n\t\t\t\t<div class=\"elementor-element elementor-element-370f473 elementor-widget elementor-widget-spacer\" data-id=\"370f473\" data-element_type=\"widget\" data-e-type=\"widget\" data-widget_type=\"spacer.default\">\n\t\t\t\t<div class=\"elementor-widget-container\">\n\t\t\t\t\t\t\t<div class=\"elementor-spacer\">\n\t\t\t<div class=\"elementor-spacer-inner\"><\/div>\n\t\t<\/div>\n\t\t\t\t\t\t<\/div>\n\t\t\t\t<\/div>\n\t\t\t\t<div class=\"elementor-element elementor-element-ad5569e elementor-widget elementor-widget-heading\" data-id=\"ad5569e\" data-element_type=\"widget\" data-e-type=\"widget\" data-widget_type=\"heading.default\">\n\t\t\t\t<div class=\"elementor-widget-container\">\n\t\t\t\t\t<h2 class=\"elementor-heading-title elementor-size-default\">\u00a1\u00danete a la revoluci\u00f3n en Salud y Seguridad <br>en el Trabajo!<\/h2>\t\t\t\t<\/div>\n\t\t\t\t<\/div>\n\t\t\t\t<div class=\"elementor-element elementor-element-a774856 elementor-widget elementor-widget-image\" data-id=\"a774856\" data-element_type=\"widget\" data-e-type=\"widget\" data-widget_type=\"image.default\">\n\t\t\t\t<div class=\"elementor-widget-container\">\n\t\t\t\t\t\t\t\t\t\t\t\t\t\t\t<img fetchpriority=\"high\" decoding=\"async\" width=\"1080\" height=\"905\" src=\"https:\/\/ohs.com.bo\/tool\/wp-content\/uploads\/2023\/11\/cropped-Tool-Box-SST-Logo-2-100x84.png\" class=\"attachment-full size-full wp-image-803\" alt=\"\" srcset=\"https:\/\/ohs.com.bo\/tool\/wp-content\/uploads\/2023\/11\/cropped-Tool-Box-SST-Logo-2.png 1080w, https:\/\/ohs.com.bo\/tool\/wp-content\/uploads\/2023\/11\/cropped-Tool-Box-SST-Logo-2-300x251.png 300w, https:\/\/ohs.com.bo\/tool\/wp-content\/uploads\/2023\/11\/cropped-Tool-Box-SST-Logo-2-1024x858.png 1024w, https:\/\/ohs.com.bo\/tool\/wp-content\/uploads\/2023\/11\/cropped-Tool-Box-SST-Logo-2-768x644.png 768w, https:\/\/ohs.com.bo\/tool\/wp-content\/uploads\/2023\/11\/cropped-Tool-Box-SST-Logo-2-100x84.png 100w\" sizes=\"(max-width: 1080px) 100vw, 1080px\" \/>\t\t\t\t\t\t\t\t\t\t\t\t\t\t\t<\/div>\n\t\t\t\t<\/div>\n\t\t\t\t\t<\/div>\n\t\t\t\t<\/div>\n\t\t<div class=\"elementor-element elementor-element-204c0fa e-flex e-con-boxed elementor-invisible e-con e-parent\" data-id=\"204c0fa\" data-element_type=\"container\" data-e-type=\"container\" data-settings=\"{&quot;animation&quot;:&quot;fadeIn&quot;}\">\n\t\t\t\t\t<div class=\"e-con-inner\">\n\t\t<div class=\"elementor-element elementor-element-ce39400 e-con-full e-flex e-con e-child\" data-id=\"ce39400\" data-element_type=\"container\" data-e-type=\"container\">\n\t\t\t\t<div class=\"elementor-element elementor-element-c0e833f elementor-widget elementor-widget-text-editor\" data-id=\"c0e833f\" data-element_type=\"widget\" data-e-type=\"widget\" data-widget_type=\"text-editor.default\">\n\t\t\t\t<div class=\"elementor-widget-container\">\n\t\t\t\t\t\t\t\t\t<p>En nuestra incansable b\u00fasqueda de soluciones innovadoras, presentamos con entusiasmo TOOLBOX: tu aliado en Salud y Seguridad en el Trabajo. Nuestro objetivo va m\u00e1s all\u00e1 de ofrecer un servicio; aspiramos a brindarte una experiencia que aporte un valor real a tu empresa.<\/p>\t\t\t\t\t\t\t\t<\/div>\n\t\t\t\t<\/div>\n\t\t\t\t<\/div>\n\t\t<div class=\"elementor-element elementor-element-1ab1229 e-con-full e-flex e-con e-child\" data-id=\"1ab1229\" data-element_type=\"container\" data-e-type=\"container\">\n\t\t\t\t<div class=\"elementor-element elementor-element-a6b0e44 elementor-widget elementor-widget-text-editor\" data-id=\"a6b0e44\" data-element_type=\"widget\" data-e-type=\"widget\" data-widget_type=\"text-editor.default\">\n\t\t\t\t<div class=\"elementor-widget-container\">\n\t\t\t\t\t\t\t\t\t<p>Con TOOLBOX, podr\u00e1s evaluar r\u00e1pidamente tu cumplimiento de las normativas y multas aproximadas para tu propio control, recibir asesoramientos expertos en \u00e9l tema, identificar \u00e1reas de mejora y tomar medidas preventivas de manera eficaz. No solo te apoyamos en la optimizaci\u00f3n de tus est\u00e1ndares de salud y seguridad en el trabajo, sino que tambi\u00e9n te guiamos hacia la era de la eficiencia, productividad y la innovaci\u00f3n.<\/p>\t\t\t\t\t\t\t\t<\/div>\n\t\t\t\t<\/div>\n\t\t\t\t<\/div>\n\t\t\t\t\t<\/div>\n\t\t\t\t<\/div>\n\t\t<div class=\"elementor-element elementor-element-6da70c0 e-flex e-con-boxed elementor-invisible e-con e-parent\" data-id=\"6da70c0\" data-element_type=\"container\" data-e-type=\"container\" data-settings=\"{&quot;background_background&quot;:&quot;classic&quot;,&quot;animation&quot;:&quot;fadeIn&quot;}\">\n\t\t\t\t\t<div class=\"e-con-inner\">\n\t\t<div class=\"elementor-element elementor-element-9d39f7f e-con-full e-flex e-con e-child\" data-id=\"9d39f7f\" data-element_type=\"container\" data-e-type=\"container\">\n\t\t\t\t<div class=\"elementor-element elementor-element-660783b elementor-widget elementor-widget-spacer\" data-id=\"660783b\" data-element_type=\"widget\" data-e-type=\"widget\" data-widget_type=\"spacer.default\">\n\t\t\t\t<div class=\"elementor-widget-container\">\n\t\t\t\t\t\t\t<div class=\"elementor-spacer\">\n\t\t\t<div class=\"elementor-spacer-inner\"><\/div>\n\t\t<\/div>\n\t\t\t\t\t\t<\/div>\n\t\t\t\t<\/div>\n\t\t\t\t<div class=\"elementor-element elementor-element-1a5626c elementor-widget elementor-widget-heading\" data-id=\"1a5626c\" data-element_type=\"widget\" data-e-type=\"widget\" data-widget_type=\"heading.default\">\n\t\t\t\t<div class=\"elementor-widget-container\">\n\t\t\t\t\t<h2 class=\"elementor-heading-title elementor-size-default\">A. Diagn\u00f3stico R\u00e1pido en Inspecci\u00f3n T\u00e9cnica<\/h2>\t\t\t\t<\/div>\n\t\t\t\t<\/div>\n\t\t\t\t<div class=\"elementor-element elementor-element-9aa3e78 elementor-widget elementor-widget-text-editor\" data-id=\"9aa3e78\" data-element_type=\"widget\" data-e-type=\"widget\" data-widget_type=\"text-editor.default\">\n\t\t\t\t<div class=\"elementor-widget-container\">\n\t\t\t\t\t\t\t\t\t<p>Proporciona un marco estructurado para evaluar el cumplimiento por parte de tu empresa, as\u00ed como las posibles multas conforme a la normativa vigente.<\/p>\t\t\t\t\t\t\t\t<\/div>\n\t\t\t\t<\/div>\n\t\t\t\t<div class=\"elementor-element elementor-element-d64f81e elementor-widget elementor-widget-image\" data-id=\"d64f81e\" data-element_type=\"widget\" data-e-type=\"widget\" data-widget_type=\"image.default\">\n\t\t\t\t<div class=\"elementor-widget-container\">\n\t\t\t\t\t\t\t\t\t\t\t\t\t\t\t<img decoding=\"async\" width=\"626\" height=\"418\" src=\"https:\/\/ohs.com.bo\/tool\/wp-content\/uploads\/2023\/10\/PGSST-OIT-OHS-2.jpg\" class=\"attachment-large size-large wp-image-572\" alt=\"\" srcset=\"https:\/\/ohs.com.bo\/tool\/wp-content\/uploads\/2023\/10\/PGSST-OIT-OHS-2.jpg 626w, https:\/\/ohs.com.bo\/tool\/wp-content\/uploads\/2023\/10\/PGSST-OIT-OHS-2-300x200.jpg 300w\" sizes=\"(max-width: 626px) 100vw, 626px\" \/>\t\t\t\t\t\t\t\t\t\t\t\t\t\t\t<\/div>\n\t\t\t\t<\/div>\n\t\t\t\t<div class=\"elementor-element elementor-element-04d86b8 elementor-widget elementor-widget-text-editor\" data-id=\"04d86b8\" data-element_type=\"widget\" data-e-type=\"widget\" data-widget_type=\"text-editor.default\">\n\t\t\t\t<div class=\"elementor-widget-container\">\n\t\t\t\t\t\t\t\t\t<p>La inspecci\u00f3n t\u00e9cnica en seguridad y salud en el trabajo es un proceso fundamental para garantizar un entorno laboral seguro y protegido. Consiste en evaluaciones peri\u00f3dicas y detalladas de las instalaciones, herramientas y procesos de trabajo para identificar posibles riesgos y tomar medidas preventivas mediante un plan de acci\u00f3n. Estas inspecciones se realizan de manera sistem\u00e1tica y regulada, asegurando que todo est\u00e9 en cumplimiento con las normativas de seguridad y salud en \u00e9l trabajo. En resumen, la inspecci\u00f3n t\u00e9cnica es como un \u00abchequeo de salud\u00bb para el lugar de trabajo, ayudando a prevenir accidentes y proteger la salud de los empleados.<\/p>\t\t\t\t\t\t\t\t<\/div>\n\t\t\t\t<\/div>\n\t\t\t\t<div class=\"elementor-element elementor-element-3a9cc65 elementor-invisible elementor-widget elementor-widget-button\" data-id=\"3a9cc65\" data-element_type=\"widget\" data-e-type=\"widget\" data-settings=\"{&quot;_animation&quot;:&quot;bounceIn&quot;}\" data-widget_type=\"button.default\">\n\t\t\t\t<div class=\"elementor-widget-container\">\n\t\t\t\t\t\t\t\t\t<div class=\"elementor-button-wrapper\">\n\t\t\t\t\t<a class=\"elementor-button elementor-button-link elementor-size-sm\" href=\"https:\/\/toolbox.ohs.com.bo\/inspeccion\">\n\t\t\t\t\t\t<span class=\"elementor-button-content-wrapper\">\n\t\t\t\t\t\t\t\t\t<span class=\"elementor-button-text\">Auto Diagn\u00f3stico<\/span>\n\t\t\t\t\t<\/span>\n\t\t\t\t\t<\/a>\n\t\t\t\t<\/div>\n\t\t\t\t\t\t\t\t<\/div>\n\t\t\t\t<\/div>\n\t\t\t\t<div class=\"elementor-element elementor-element-be23f83 elementor-widget elementor-widget-text-editor\" data-id=\"be23f83\" data-element_type=\"widget\" data-e-type=\"widget\" data-widget_type=\"text-editor.default\">\n\t\t\t\t<div class=\"elementor-widget-container\">\n\t\t\t\t\t\t\t\t\t<p><em>La Inspecci\u00f3n T\u00e9cnica es una evaluaci\u00f3n in situ que puede realizar el <strong>Ministerio de Trabajo<\/strong> en cualquier momento para verificar el cumplimiento y establecer las sanciones y medidas que correspondan.<\/em><\/p>\t\t\t\t\t\t\t\t<\/div>\n\t\t\t\t<\/div>\n\t\t\t\t<div class=\"elementor-element elementor-element-7b88028 elementor-widget elementor-widget-spacer\" data-id=\"7b88028\" data-element_type=\"widget\" data-e-type=\"widget\" data-widget_type=\"spacer.default\">\n\t\t\t\t<div class=\"elementor-widget-container\">\n\t\t\t\t\t\t\t<div class=\"elementor-spacer\">\n\t\t\t<div class=\"elementor-spacer-inner\"><\/div>\n\t\t<\/div>\n\t\t\t\t\t\t<\/div>\n\t\t\t\t<\/div>\n\t\t\t\t<\/div>\n\t\t<div class=\"elementor-element elementor-element-cc259c7 e-con-full e-flex e-con e-child\" data-id=\"cc259c7\" data-element_type=\"container\" data-e-type=\"container\">\n\t\t\t\t<div class=\"elementor-element elementor-element-010c42e elementor-widget elementor-widget-spacer\" data-id=\"010c42e\" data-element_type=\"widget\" data-e-type=\"widget\" data-widget_type=\"spacer.default\">\n\t\t\t\t<div class=\"elementor-widget-container\">\n\t\t\t\t\t\t\t<div class=\"elementor-spacer\">\n\t\t\t<div class=\"elementor-spacer-inner\"><\/div>\n\t\t<\/div>\n\t\t\t\t\t\t<\/div>\n\t\t\t\t<\/div>\n\t\t\t\t<div class=\"elementor-element elementor-element-81f30a7 elementor-widget elementor-widget-heading\" data-id=\"81f30a7\" data-element_type=\"widget\" data-e-type=\"widget\" data-widget_type=\"heading.default\">\n\t\t\t\t<div class=\"elementor-widget-container\">\n\t\t\t\t\t<h2 class=\"elementor-heading-title elementor-size-default\">B. PGSST (Programa de Gesti\u00f3n de Seguridad y Salud en el Trabajo)<\/h2>\t\t\t\t<\/div>\n\t\t\t\t<\/div>\n\t\t\t\t<div class=\"elementor-element elementor-element-98d642e elementor-widget elementor-widget-text-editor\" data-id=\"98d642e\" data-element_type=\"widget\" data-e-type=\"widget\" data-widget_type=\"text-editor.default\">\n\t\t\t\t<div class=\"elementor-widget-container\">\n\t\t\t\t\t\t\t\t\t<p>Facilita el cumplimiento de normativas a trav\u00e9s de un an\u00e1lisis \u00e1gil y r\u00e1pido capaz de identificar \u00e1reas de mejora y puntos de cumplimiento mediante un plan de acci\u00f3n para la mejora continua y productividad de las empresas.<\/p>\t\t\t\t\t\t\t\t<\/div>\n\t\t\t\t<\/div>\n\t\t\t\t<div class=\"elementor-element elementor-element-1bacc05 elementor-widget elementor-widget-image\" data-id=\"1bacc05\" data-element_type=\"widget\" data-e-type=\"widget\" data-widget_type=\"image.default\">\n\t\t\t\t<div class=\"elementor-widget-container\">\n\t\t\t\t\t\t\t\t\t\t\t\t\t\t\t<img decoding=\"async\" width=\"626\" height=\"417\" src=\"https:\/\/ohs.com.bo\/tool\/wp-content\/uploads\/2023\/10\/PGSST-OIT-OHS.jpg\" class=\"attachment-large size-large wp-image-573\" alt=\"\" srcset=\"https:\/\/ohs.com.bo\/tool\/wp-content\/uploads\/2023\/10\/PGSST-OIT-OHS.jpg 626w, https:\/\/ohs.com.bo\/tool\/wp-content\/uploads\/2023\/10\/PGSST-OIT-OHS-300x200.jpg 300w\" sizes=\"(max-width: 626px) 100vw, 626px\" \/>\t\t\t\t\t\t\t\t\t\t\t\t\t\t\t<\/div>\n\t\t\t\t<\/div>\n\t\t\t\t<div class=\"elementor-element elementor-element-bc64ca3 elementor-widget elementor-widget-text-editor\" data-id=\"bc64ca3\" data-element_type=\"widget\" data-e-type=\"widget\" data-widget_type=\"text-editor.default\">\n\t\t\t\t<div class=\"elementor-widget-container\">\n\t\t\t\t\t\t\t\t\t<p>El programa de gesti\u00f3n en seguridad y salud en el trabajo es un conjunto de acciones y estrategias dise\u00f1adas para mantener a los trabajadores seguros y saludables en su entorno laboral. Este programa implica la identificaci\u00f3n y evaluaci\u00f3n de riesgos, la implementaci\u00f3n de medidas preventivas y de seguridad, la formaci\u00f3n del personal y la supervisi\u00f3n continua. El objetivo principal es prevenir accidentes y enfermedades laborales, promoviendo un ambiente de trabajo seguro y productivo. Adem\u00e1s, un plan de acci\u00f3n efectivo de seguridad y salud en el trabajo no solo cumple con las normas y regulaciones legales, sino que tambi\u00e9n demuestra el compromiso de la empresa con el bienestar de sus empleados para una mejora continua y productiva.<\/p>\t\t\t\t\t\t\t\t<\/div>\n\t\t\t\t<\/div>\n\t\t\t\t<div class=\"elementor-element elementor-element-f0528e5 elementor-invisible elementor-widget elementor-widget-button\" data-id=\"f0528e5\" data-element_type=\"widget\" data-e-type=\"widget\" data-settings=\"{&quot;_animation&quot;:&quot;bounceIn&quot;}\" data-widget_type=\"button.default\">\n\t\t\t\t<div class=\"elementor-widget-container\">\n\t\t\t\t\t\t\t\t\t<div class=\"elementor-button-wrapper\">\n\t\t\t\t\t<a class=\"elementor-button elementor-button-link elementor-size-sm\" href=\"https:\/\/toolbox.ohs.com.bo\/pgsst\">\n\t\t\t\t\t\t<span class=\"elementor-button-content-wrapper\">\n\t\t\t\t\t\t\t\t\t<span class=\"elementor-button-text\">Formulario PGSST<\/span>\n\t\t\t\t\t<\/span>\n\t\t\t\t\t<\/a>\n\t\t\t\t<\/div>\n\t\t\t\t\t\t\t\t<\/div>\n\t\t\t\t<\/div>\n\t\t\t\t<div class=\"elementor-element elementor-element-9323654 elementor-widget elementor-widget-spacer\" data-id=\"9323654\" data-element_type=\"widget\" data-e-type=\"widget\" data-widget_type=\"spacer.default\">\n\t\t\t\t<div class=\"elementor-widget-container\">\n\t\t\t\t\t\t\t<div class=\"elementor-spacer\">\n\t\t\t<div class=\"elementor-spacer-inner\"><\/div>\n\t\t<\/div>\n\t\t\t\t\t\t<\/div>\n\t\t\t\t<\/div>\n\t\t\t\t<\/div>\n\t\t\t\t\t<\/div>\n\t\t\t\t<\/div>\n\t\t\t\t<\/div>\n\t\t","protected":false},"excerpt":{"rendered":"<p>Trabajo seguro, futuro pr\u00f3spero Objetivo Principal Nuestro objetivo es permitir que todas las empresas accedan a un diagn\u00f3stico r\u00e1pido y efectivo. Esta herramienta proporciona estimaciones de cumplimiento, posibles sanciones y un plan de acci\u00f3n basado en regulaciones espec\u00edficas. Adem\u00e1s, ofrecemos asesoramiento especializado para garantizar un apoyo continuo en todas las necesidades relacionadas con salud y [&hellip;]<\/p>\n","protected":false},"author":1,"featured_media":0,"parent":0,"menu_order":0,"comment_status":"closed","ping_status":"closed","template":"","meta":{"site-sidebar-layout":"no-sidebar","site-content-layout":"","ast-site-content-layout":"full-width-container","site-content-style":"default","site-sidebar-style":"default","ast-global-header-display":"","ast-banner-title-visibility":"","ast-main-header-display":"","ast-hfb-above-header-display":"","ast-hfb-below-header-display":"","ast-hfb-mobile-header-display":"","site-post-title":"disabled","ast-breadcrumbs-content":"","ast-featured-img":"disabled","footer-sml-layout":"","ast-disable-related-posts":"","theme-transparent-header-meta":"","adv-header-id-meta":"","stick-header-meta":"","header-above-stick-meta":"","header-main-stick-meta":"","header-below-stick-meta":"","astra-migrate-meta-layouts":"default","ast-page-background-enabled":"default","ast-page-background-meta":{"desktop":{"background-color":"var(--ast-global-color-4)","background-image":"","background-repeat":"repeat","background-position":"center center","background-size":"auto","background-attachment":"scroll","background-type":"","background-media":"","overlay-type":"","overlay-color":"","overlay-opacity":"","overlay-gradient":""},"tablet":{"background-color":"","background-image":"","background-repeat":"repeat","background-position":"center center","background-size":"auto","background-attachment":"scroll","background-type":"","background-media":"","overlay-type":"","overlay-color":"","overlay-opacity":"","overlay-gradient":""},"mobile":{"background-color":"","background-image":"","background-repeat":"repeat","background-position":"center center","background-size":"auto","background-attachment":"scroll","background-type":"","background-media":"","overlay-type":"","overlay-color":"","overlay-opacity":"","overlay-gradient":""}},"ast-content-background-meta":{"desktop":{"background-color":"var(--ast-global-color-5)","background-image":"","background-repeat":"repeat","background-position":"center center","background-size":"auto","background-attachment":"scroll","background-type":"","background-media":"","overlay-type":"","overlay-color":"","overlay-opacity":"","overlay-gradient":""},"tablet":{"background-color":"var(--ast-global-color-5)","background-image":"","background-repeat":"repeat","background-position":"center center","background-size":"auto","background-attachment":"scroll","background-type":"","background-media":"","overlay-type":"","overlay-color":"","overlay-opacity":"","overlay-gradient":""},"mobile":{"background-color":"var(--ast-global-color-5)","background-image":"","background-repeat":"repeat","background-position":"center center","background-size":"auto","background-attachment":"scroll","background-type":"","background-media":"","overlay-type":"","overlay-color":"","overlay-opacity":"","overlay-gradient":""}},"footnotes":""},"class_list":["post-560","page","type-page","status-publish","hentry"],"_links":{"self":[{"href":"https:\/\/ohs.com.bo\/tool\/wp-json\/wp\/v2\/pages\/560","targetHints":{"allow":["GET"]}}],"collection":[{"href":"https:\/\/ohs.com.bo\/tool\/wp-json\/wp\/v2\/pages"}],"about":[{"href":"https:\/\/ohs.com.bo\/tool\/wp-json\/wp\/v2\/types\/page"}],"author":[{"embeddable":true,"href":"https:\/\/ohs.com.bo\/tool\/wp-json\/wp\/v2\/users\/1"}],"replies":[{"embeddable":true,"href":"https:\/\/ohs.com.bo\/tool\/wp-json\/wp\/v2\/comments?post=560"}],"version-history":[{"count":97,"href":"https:\/\/ohs.com.bo\/tool\/wp-json\/wp\/v2\/pages\/560\/revisions"}],"predecessor-version":[{"id":863,"href":"https:\/\/ohs.com.bo\/tool\/wp-json\/wp\/v2\/pages\/560\/revisions\/863"}],"wp:attachment":[{"href":"https:\/\/ohs.com.bo\/tool\/wp-json\/wp\/v2\/media?parent=560"}],"curies":[{"name":"wp","href":"https:\/\/api.w.org\/{rel}","templated":true}]}}